{"id":369,"date":"2020-05-05T10:03:03","date_gmt":"2020-05-05T10:03:03","guid":{"rendered":"https:\/\/cavallini1919.oltrepoacasatua.it\/?post_type=product&#038;p=369"},"modified":"2020-05-11T06:50:40","modified_gmt":"2020-05-11T06:50:40","slug":"crue-spumante-brut","status":"publish","type":"product","link":"https:\/\/cavallini1919.oltrepoacasatua.it\/index.php\/prodotto\/crue-spumante-brut\/","title":{"rendered":"Cr\u00fc\u00e9 Spumante Brut Metodo Martinotti"},"content":{"rendered":"<p><strong>CR\u00dc\u00c9 BRUT Spumante Brut Metodo Martinotti<\/strong><\/p>\n<p><strong>Uve<\/strong> Pinot nero 90%, Chardonnay 10%<br \/>\n<strong>Vigneti<\/strong> situati nel comune di Corvino San Quirico e nel Comune di Casteggio frazione Mairano<br \/>\n<strong>Esposizione<\/strong> Ovest &#8211; Sud Est<br \/>\n<strong>Terreno<\/strong> argilloso calcareo<br \/>\n<strong>Altitudine<\/strong> 220 m. slm<br \/>\n<strong>Allevamento<\/strong> Guyot con densit\u00e0 4500 ceppi ad Ha<\/p>\n<p><strong>CARATTERISTICHE ORGANOLETTICHE<\/strong><br \/>\nAlla vista: giallo paglierino brillante, perlage finissimo<br \/>\nAll\u2019olfatto: delicato profumo<br \/>\nAl gusto: fresco, asciutto, gradevolmente fruttato con sentori di frutta a bacca bianca e mandorla<\/p>\n<p><strong>ABBINAMENTO E SERVIZIO<\/strong><br \/>\nOttimo come aperitivo<br \/>\nIdeale abbinamento con ostriche, pesce crudo, fritture<br \/>\ned insalate di pesce<br \/>\nFormaggi freschi<br \/>\nSi consiglia di servire a 8\u00b0<\/p>\n<p><strong>GRADAZIONE<\/strong>: 11,5\u00b0 &#8211; <strong>CONTIENE SOLFITI<\/strong><\/p>\n","protected":false},"excerpt":{"rendered":"<p><strong>Giallo paglierino brillante, perlage finissimo, delicato profumo. Fresco, asciutto, gradevolmente fruttato con sentori di frutta a bacca bianca e mandorla<\/strong><\/p>\n","protected":false},"featured_media":382,"comment_status":"open","ping_status":"closed","template":"","meta":{"_et_pb_use_builder":"","_et_pb_old_content":"","_et_gb_content_width":"","_monsterinsights_skip_tracking":false,"_monsterinsights_sitenote_active":false,"_monsterinsights_sitenote_note":"","_monsterinsights_sitenote_category":0},"product_cat":[17],"product_tag":[58,18,32],"jetpack_sharing_enabled":true,"_links":{"self":[{"href":"https:\/\/cavallini1919.oltrepoacasatua.it\/index.php\/wp-json\/wp\/v2\/product\/369"}],"collection":[{"href":"https:\/\/cavallini1919.oltrepoacasatua.it\/index.php\/wp-json\/wp\/v2\/product"}],"about":[{"href":"https:\/\/cavallini1919.oltrepoacasatua.it\/index.php\/wp-json\/wp\/v2\/types\/product"}],"replies":[{"embeddable":true,"href":"https:\/\/cavallini1919.oltrepoacasatua.it\/index.php\/wp-json\/wp\/v2\/comments?post=369"}],"wp:featuredmedia":[{"embeddable":true,"href":"https:\/\/cavallini1919.oltrepoacasatua.it\/index.php\/wp-json\/wp\/v2\/media\/382"}],"wp:attachment":[{"href":"https:\/\/cavallini1919.oltrepoacasatua.it\/index.php\/wp-json\/wp\/v2\/media?parent=369"}],"wp:term":[{"taxonomy":"product_cat","embeddable":true,"href":"https:\/\/cavallini1919.oltrepoacasatua.it\/index.php\/wp-json\/wp\/v2\/product_cat?post=369"},{"taxonomy":"product_tag","embeddable":true,"href":"https:\/\/cavallini1919.oltrepoacasatua.it\/index.php\/wp-json\/wp\/v2\/product_tag?post=369"}],"curies":[{"name":"wp","href":"https:\/\/api.w.org\/{rel}","templated":true}]}}