{"id":363,"date":"2020-05-05T09:45:00","date_gmt":"2020-05-05T07:45:00","guid":{"rendered":"https:\/\/cavallini1919.oltrepoacasatua.it\/?post_type=product&#038;p=363"},"modified":"2021-02-26T17:18:46","modified_gmt":"2021-02-26T16:18:46","slug":"crunot-rose-pinot-nero-vinificato-in-rosa-i-g-t","status":"publish","type":"product","link":"https:\/\/cavallini1919.oltrepoacasatua.it\/index.php\/prodotto\/crunot-rose-pinot-nero-vinificato-in-rosa-i-g-t\/","title":{"rendered":"Cr\u00fcnot Ros\u00e8 Pinot nero vinificato in rosa I.G.T."},"content":{"rendered":"<p><strong>CR\u00dcNOT ROS\u00c9 Pinot nero vinificato in rosa I.G.T. Cr\u00fcnot<\/strong><\/p>\n<p><strong>Uve<\/strong> Pinot Nero 100%<br \/>\n<strong>Vigneti<\/strong> situati nel comune di Corvino San Quirico e nel Comune di Casteggio frazione Mairano<br \/>\n<strong>Esposizione<\/strong> Est &#8211; Ovest &#8211; Sud Ovest<br \/>\n<strong>Terreno<\/strong> argilloso calcareo in parte sabbioso<br \/>\n<strong>Altitudine<\/strong> da 200 m. a 230 m. slm<br \/>\n<strong>Allevamento<\/strong> Guyot con densit\u00e0 4500 ceppi ad Ha<\/p>\n<p><strong>CARATTERISTICHE ORGANOLETTICHE<\/strong><br \/>\nAlla vista: brillante, decisamente rosa con sfumature ramate<br \/>\nAll\u2019olfatto: fresco, penetrante con un gradevole bouquet floreale cove prevale il sentore di rosa canina<br \/>\nAl gusto: fresco e sapido con eccellente acidit\u00e0, da apprezzare la totale assenza di tannini nella fase finale della degustazione pur essendo vinificato in rosa<\/p>\n<p><strong>ABBINAMENTO E SERVIZIO<\/strong><br \/>\nOttimo con pesce, carni bianche accompagnate da salsea base di verdure<br \/>\nSi consiglia di servire a 8\u00b0 &#8211; 10\u00b0<\/p>\n<p><strong>GRADAZIONE<\/strong>: 11,5\u00b0 &#8211; <strong>CONTIENE SOLFITI<\/strong><\/p>\n","protected":false},"excerpt":{"rendered":"<p><strong>Brillante, decisamente rosa con sfumature ramate. Fresco, penetrante con un gradevole bouquet floreale cove prevale il sentore di rosa canina. Fresco e sapido con eccellente acidit\u00e0, da apprezzare la totale assenza di tannini nella fase finale della degustazione pur essendo vinificato in rosa<\/strong><\/p>\n","protected":false},"featured_media":383,"comment_status":"open","ping_status":"closed","template":"","meta":{"_et_pb_use_builder":"","_et_pb_old_content":"","_et_gb_content_width":"","_monsterinsights_skip_tracking":false,"_monsterinsights_sitenote_active":false,"_monsterinsights_sitenote_note":"","_monsterinsights_sitenote_category":0},"product_cat":[17],"product_tag":[38,25],"jetpack_sharing_enabled":true,"_links":{"self":[{"href":"https:\/\/cavallini1919.oltrepoacasatua.it\/index.php\/wp-json\/wp\/v2\/product\/363"}],"collection":[{"href":"https:\/\/cavallini1919.oltrepoacasatua.it\/index.php\/wp-json\/wp\/v2\/product"}],"about":[{"href":"https:\/\/cavallini1919.oltrepoacasatua.it\/index.php\/wp-json\/wp\/v2\/types\/product"}],"replies":[{"embeddable":true,"href":"https:\/\/cavallini1919.oltrepoacasatua.it\/index.php\/wp-json\/wp\/v2\/comments?post=363"}],"wp:featuredmedia":[{"embeddable":true,"href":"https:\/\/cavallini1919.oltrepoacasatua.it\/index.php\/wp-json\/wp\/v2\/media\/383"}],"wp:attachment":[{"href":"https:\/\/cavallini1919.oltrepoacasatua.it\/index.php\/wp-json\/wp\/v2\/media?parent=363"}],"wp:term":[{"taxonomy":"product_cat","embeddable":true,"href":"https:\/\/cavallini1919.oltrepoacasatua.it\/index.php\/wp-json\/wp\/v2\/product_cat?post=363"},{"taxonomy":"product_tag","embeddable":true,"href":"https:\/\/cavallini1919.oltrepoacasatua.it\/index.php\/wp-json\/wp\/v2\/product_tag?post=363"}],"curies":[{"name":"wp","href":"https:\/\/api.w.org\/{rel}","templated":true}]}}