{"id":73,"date":"2020-03-30T16:27:43","date_gmt":"2020-03-30T16:27:43","guid":{"rendered":"https:\/\/primealture.oltrepoacasatua.it\/?page_id=73"},"modified":"2023-09-19T11:27:45","modified_gmt":"2023-09-19T09:27:45","slug":"consigli-per-gli-acquisti","status":"publish","type":"page","link":"https:\/\/cavallini1919.oltrepoacasatua.it\/index.php\/consigli-per-gli-acquisti\/","title":{"rendered":"Perch\u00e8 acquistare&#8230;"},"content":{"rendered":"<p>[et_pb_section admin_label=&#8221;section&#8221;]<br \/>\n\t\t\t[et_pb_row admin_label=&#8221;row&#8221;]<br \/>\n\t\t\t\t[et_pb_column type=&#8221;4_4&#8243;][et_pb_text admin_label=&#8221;Text&#8221;]<\/p>\n<p>[vc_row][vc_column][vc_custom_heading text=&#8221;PERCHE&#8217; ACQUISTARE&#8221; font_container=&#8221;tag:h1|text_align:center|color:%23dd3333&#8243; use_theme_fonts=&#8221;yes&#8221;][vc_custom_heading text=&#8221;L&#8217;Oltrep\u00f2 Pavese, il \u201cfuori porta di Milano\u201d, con Oltrepoacasatua, il Portale Oltrepo Pavese vuole promuovere la vendita dei prodotti del territorio e la Cantina Cavallini 1919 c&#8217;\u00e8, con i suoi spumanti e i suoi vini di qualit\u00e0!&#8221; font_container=&#8221;tag:h4|text_align:center|color:%23000000&#8243; use_theme_fonts=&#8221;yes&#8221;][vc_message message_box_style=&#8221;outline&#8221; message_box_color=&#8221;pink&#8221; icon_fontawesome=&#8221;fas fa-bell&#8221;]<strong>Riceverete a casa vostra i vini della Cantina Cavallini 1919 senza intermediari, senza spese di spedizione in tutto il Nord Italia (Lombardia, Piemonte, Valle d\u2019Aosta, Emilia Romagna, Liguria, Trentino Alto Adige, Veneto, Friuli Venezia Giulia)<\/strong>[\/vc_message][vc_message message_box_style=&#8221;outline&#8221; message_box_color=&#8221;pink&#8221; icon_fontawesome=&#8221;fas fa-bell&#8221;]<strong>La Cantina Cavallini 1919 \u00e8 disponibile anche per la consegna al vostro domicilio di vini sfusi per le tipologie Riesling Vivace I.G.T., Croatina I.G.T. e Rosso I.G.T. Per maggiori informazioni sui quantitativi e sulle consegne scrivere a\u00a0<a href=\"mailto:cavallini1919@gmail.com\">cavallini1919@gmail.com<\/a><\/strong>[\/vc_message][vc_message message_box_style=&#8221;outline&#8221; message_box_color=&#8221;pink&#8221; icon_fontawesome=&#8221;fas fa-bell&#8221;]<strong>Perch\u00e8 l&#8217;Oltrep\u00f2 Pavese \u00e8 la prima zona di produzione dei Vini della Lombardia e la pi\u00f9 antica<\/strong>[\/vc_message][vc_message message_box_style=&#8221;outline&#8221; message_box_color=&#8221;pink&#8221; icon_fontawesome=&#8221;fas fa-bell&#8221;]<strong>Perch\u00e8 l&#8217;Oltrep\u00f2 Pavese e la Cantina Cavallini 1919 non vogliono farsi dimenticare<\/strong>[\/vc_message][vc_column_text]<\/p>\n<p style=\"text-align: justify;\"><strong>Perch\u00e8 acquistare?<\/strong>\u00a0L\u2019Oltrep\u00f2 Pavese \u00e8 una delle zone italiane pi\u00f9 antica per la produzione di vino; scritture che risalgono ai tempi dei romani testimoniano la coltivazione della vite e la produzione di vino. Una lunga storia che porta il territorio ad essere oggi il primo della Lombardia per ettari vitati e produzione. Una terra che vede nelle sue peculiarit\u00e0 l\u2019habitat ideale per la coltivazione della vite.<\/p>\n<p style=\"text-align: justify;\">Un territorio che ha visto i produttori, in questi ultimi anni, sviluppare coltivazioni nel rispetto dell\u2019ambiente e delle biodiversit\u00e0 in vigneto lavorando con un forte rispetto della terra a tutela del consumatore finale. Anche la qualit\u00e0 dei prodotti si \u00e8 elevata notevolmente; molte cantine hanno orientato la loro produzione verso la riduzione delle rese in vigna per ottenere un prodotto finale di qualit\u00e0, convinti che proprio la qualit\u00e0 del vino si ottiene da una buona conduzione dei vigneti.<\/p>\n<p style=\"text-align: justify;\">Questo ha permesso all\u2019Oltrep\u00f2 Pavese di entrare di diritto nelle zone italiane pi\u00f9 famose per la produzione di grandi vini, con un plus tutt\u2019altro che trascurabile, quella di essere la prima zona italiana per produzione di\u00a0<strong>Pinot Nero<\/strong>\u00a0e la terza nel mondo. Pinot Nero con cui si producono eleganti Spumanti Metodo Classico, freschi Spumanti Metodo Martinotti e nobili Pinot Nero vinificati in rosso che si affinano sia in acciaio che in barrique. La Bonarda, il Riesling e altre tipologie completano l\u2019offerta dei vini prodotti in Oltrep\u00f2 Pavese.<\/p>\n<p><strong>La Cantina Cavallini 1919 di Corvino San Quirico \u00e8 una di queste aziende.<\/strong><\/p>\n<p>.[\/vc_column_text][\/vc_column][\/vc_row]<\/p>\n<p>[\/et_pb_text][\/et_pb_column]<br \/>\n\t\t\t[\/et_pb_row]<br \/>\n\t\t[\/et_pb_section]<\/p>\n","protected":false},"excerpt":{"rendered":"<p>[vc_row][vc_column][vc_custom_heading text=&#8221;PERCHE&#8217; ACQUISTARE&#8221; font_container=&#8221;tag:h1|text_align:center|color:%23dd3333&#8243; use_theme_fonts=&#8221;yes&#8221;][vc_custom_heading text=&#8221;L&#8217;Oltrep\u00f2 Pavese, il \u201cfuori porta di Milano\u201d, con Oltrepoacasatua, il Portale Oltrepo Pavese vuole promuovere la vendita dei prodotti del territorio e la Cantina Cavallini 1919 c&#8217;\u00e8, con i suoi spumanti e i suoi vini di qualit\u00e0!&#8221; font_container=&#8221;tag:h4|text_align:center|color:%23000000&#8243; use_theme_fonts=&#8221;yes&#8221;][vc_message message_box_style=&#8221;outline&#8221; message_box_color=&#8221;pink&#8221; icon_fontawesome=&#8221;fas fa-bell&#8221;]Riceverete a casa vostra i vini della Cantina [&hellip;]<\/p>\n","protected":false},"author":1,"featured_media":0,"parent":0,"menu_order":0,"comment_status":"closed","ping_status":"closed","template":"","meta":{"_et_pb_use_builder":"on","_et_pb_old_content":"<p>[vc_row][vc_column][vc_custom_heading text=\"PERCHE' ACQUISTARE\" font_container=\"tag:h1|text_align:center|color:%23dd3333\" use_theme_fonts=\"yes\"][vc_custom_heading text=\"L'Oltrep\u00f2 Pavese, il \u201cfuori porta di Milano\u201d, con Oltrepoacasatua, il Portale Oltrepo Pavese vuole promuovere la vendita dei prodotti del territorio e la Cantina Cavallini 1919 c'\u00e8, con i suoi spumanti e i suoi vini di qualit\u00e0!\" font_container=\"tag:h4|text_align:center|color:%23000000\" use_theme_fonts=\"yes\"][vc_message message_box_style=\"outline\" message_box_color=\"pink\" icon_fontawesome=\"fas fa-bell\"]<strong>Riceverete a casa vostra i vini della Cantina Cavallini 1919 senza intermediari, senza spese di spedizione in tutto il Nord Italia (Lombardia, Piemonte, Valle d\u2019Aosta, Emilia Romagna, Liguria, Trentino Alto Adige, Veneto, Friuli Venezia Giulia)<\/strong>[\/vc_message][vc_message message_box_style=\"outline\" message_box_color=\"pink\" icon_fontawesome=\"fas fa-bell\"]<strong>La Cantina Cavallini 1919 \u00e8 disponibile anche per la consegna al vostro domicilio di vini sfusi per le tipologie Riesling Vivace I.G.T., Croatina I.G.T. e Rosso I.G.T. Per maggiori informazioni sui quantitativi e sulle consegne scrivere a\u00a0<a href=\"mailto:cavallini1919@gmail.com\">cavallini1919@gmail.com<\/a><\/strong>[\/vc_message][vc_message message_box_style=\"outline\" message_box_color=\"pink\" icon_fontawesome=\"fas fa-bell\"]<strong>Perch\u00e8 l'Oltrep\u00f2 Pavese \u00e8 la prima zona di produzione dei Vini della Lombardia e la pi\u00f9 antica<\/strong>[\/vc_message][vc_message message_box_style=\"outline\" message_box_color=\"pink\" icon_fontawesome=\"fas fa-bell\"]<strong>Perch\u00e8 l'Oltrep\u00f2 Pavese e la Cantina Cavallini 1919 non vogliono farsi dimenticare<\/strong>[\/vc_message][vc_column_text]<\/p>\n<p style=\"text-align: justify;\"><strong>Perch\u00e8 acquistare?<\/strong>\u00a0L\u2019Oltrep\u00f2 Pavese \u00e8 una delle zone italiane pi\u00f9 antica per la produzione di vino; scritture che risalgono ai tempi dei romani testimoniano la coltivazione della vite e la produzione di vino. Una lunga storia che porta il territorio ad essere oggi il primo della Lombardia per ettari vitati e produzione. Una terra che vede nelle sue peculiarit\u00e0 l\u2019habitat ideale per la coltivazione della vite.<\/p>\n<p style=\"text-align: justify;\">Un territorio che ha visto i produttori, in questi ultimi anni, sviluppare coltivazioni nel rispetto dell\u2019ambiente e delle biodiversit\u00e0 in vigneto lavorando con un forte rispetto della terra a tutela del consumatore finale. Anche la qualit\u00e0 dei prodotti si \u00e8 elevata notevolmente; molte cantine hanno orientato la loro produzione verso la riduzione delle rese in vigna per ottenere un prodotto finale di qualit\u00e0, convinti che proprio la qualit\u00e0 del vino si ottiene da una buona conduzione dei vigneti.<\/p>\n<p style=\"text-align: justify;\">Questo ha permesso all\u2019Oltrep\u00f2 Pavese di entrare di diritto nelle zone italiane pi\u00f9 famose per la produzione di grandi vini, con un plus tutt\u2019altro che trascurabile, quella di essere la prima zona italiana per produzione di\u00a0<strong>Pinot Nero<\/strong>\u00a0e la terza nel mondo. Pinot Nero con cui si producono eleganti Spumanti Metodo Classico, freschi Spumanti Metodo Martinotti e nobili Pinot Nero vinificati in rosso che si affinano sia in acciaio che in barrique. La Bonarda, il Riesling e altre tipologie completano l\u2019offerta dei vini prodotti in Oltrep\u00f2 Pavese.<\/p>\n<p><strong>La Cantina Cavallini 1919 di Corvino San Quirico \u00e8 una di queste aziende.<\/strong><\/p>\n<p>.[\/vc_column_text][\/vc_column][\/vc_row]<\/p>\n","_et_gb_content_width":"","_monsterinsights_skip_tracking":false,"_monsterinsights_sitenote_active":false,"_monsterinsights_sitenote_note":"","_monsterinsights_sitenote_category":0,"footnotes":""},"jetpack_sharing_enabled":true,"_links":{"self":[{"href":"https:\/\/cavallini1919.oltrepoacasatua.it\/index.php\/wp-json\/wp\/v2\/pages\/73"}],"collection":[{"href":"https:\/\/cavallini1919.oltrepoacasatua.it\/index.php\/wp-json\/wp\/v2\/pages"}],"about":[{"href":"https:\/\/cavallini1919.oltrepoacasatua.it\/index.php\/wp-json\/wp\/v2\/types\/page"}],"author":[{"embeddable":true,"href":"https:\/\/cavallini1919.oltrepoacasatua.it\/index.php\/wp-json\/wp\/v2\/users\/1"}],"replies":[{"embeddable":true,"href":"https:\/\/cavallini1919.oltrepoacasatua.it\/index.php\/wp-json\/wp\/v2\/comments?post=73"}],"version-history":[{"count":31,"href":"https:\/\/cavallini1919.oltrepoacasatua.it\/index.php\/wp-json\/wp\/v2\/pages\/73\/revisions"}],"predecessor-version":[{"id":449,"href":"https:\/\/cavallini1919.oltrepoacasatua.it\/index.php\/wp-json\/wp\/v2\/pages\/73\/revisions\/449"}],"wp:attachment":[{"href":"https:\/\/cavallini1919.oltrepoacasatua.it\/index.php\/wp-json\/wp\/v2\/media?parent=73"}],"curies":[{"name":"wp","href":"https:\/\/api.w.org\/{rel}","templated":true}]}}